{"id":60,"date":"2022-03-05T13:10:50","date_gmt":"2022-03-05T13:10:50","guid":{"rendered":"https:\/\/themepure.net\/wp\/gainioz\/?page_id=60"},"modified":"2026-04-04T14:13:24","modified_gmt":"2026-04-04T14:13:24","slug":"faq","status":"publish","type":"page","link":"https:\/\/pylvia-foundation.org\/fr\/faq\/","title":{"rendered":"Faq"},"content":{"rendered":"\t\t<div data-elementor-type=\"wp-page\" data-elementor-id=\"60\" class=\"elementor elementor-60\">\n\t\t\t\t\t\t<section class=\"elementor-section elementor-top-section elementor-element elementor-element-f5a9ae4 elementor-section-full_width elementor-section-height-default elementor-section-height-default\" data-id=\"f5a9ae4\" data-element_type=\"section\" data-e-type=\"section\">\n\t\t\t\t\t\t<div class=\"elementor-container elementor-column-gap-no\">\n\t\t\t\t\t<div class=\"elementor-column elementor-col-100 elementor-top-column elementor-element elementor-element-baf774b\" data-id=\"baf774b\" data-element_type=\"column\" data-e-type=\"column\">\n\t\t\t<div class=\"elementor-widget-wrap elementor-element-populated\">\n\t\t\t\t\t\t<div class=\"elementor-element elementor-element-e4475d8 elementor-widget elementor-widget-tp-faq\" data-id=\"e4475d8\" data-element_type=\"widget\" data-e-type=\"widget\" data-widget_type=\"tp-faq.default\">\n\t\t\t\t<div class=\"elementor-widget-container\">\n\t\t\t\t\t\r\n\r\n    <section class=\"donation ele-section\">\r\n      <div class=\"container\">\r\n        <div class=\"row\">\r\n\r\n                    <div class=\"col-lg-4 mb-30\">\r\n            <div class=\"innerWrapperSidebar\"><div class=\"sidebarWidget mb-30 widget_tp_sidebar_form_widget\"><div class=\"sidebarTitle\"><h5 class=\"sidebarTitle__heading text-uppercase mb-30\">Direct Contact us <\/h5><\/div>\r\n\t\t\t\t\t\t<div class=\"sidebar_form_widget\">\r\n                <div class=\"tp-sidebar-contact\">\r\n                    <p class=\"wpcf7-contact-form-not-found\"><strong>Erreur\u00a0:<\/strong> Formulaire de contact non trouv\u00e9\u00a0!<\/p>                <\/div>\r\n            <\/div>\r\n              \r\n\r\n\t    \t<\/div><\/div>  \r\n\r\n\t\t          <\/div>\r\n          \r\n          <div class=\"col-lg-8 mb-30\">\r\n            <div class=\"ccFaqBlock\">\r\n              <div class=\"accordion\" id=\"accordionExample-e4475d8\">\r\n                                <div class=\"accordion-item\">\r\n                  <h2 class=\"accordion-header\" id=\"headingOne-0\">\r\n                    <button class=\"accordion-button ele-title \" type=\"button\" data-bs-toggle=\"collapse\" data-bs-target=\"#collapseOne-0\" aria-expanded=\"true\" aria-controls=\"collapseOne-0\">\r\n                      Qu&#039;est ce que la fondation PYLVIA ?                    <\/button>\r\n                  <\/h2>\r\n                  <div id=\"collapseOne-0\" class=\"accordion-collapse collapse show\" aria-labelledby=\"headingOne-0\" data-bs-parent=\"#accordionExample-e4475d8\">\r\n                    <div class=\"accordion-body ele-des\">\r\n                      La fondation est une organisation engag\u00e9e dans l'accompagnement des jeunes, l'orientation scolaire et le soutien des personnes en situation de vuln\u00e9rabilit\u00e9.                    <\/div>\r\n                  <\/div>\r\n                <\/div>\r\n                                <div class=\"accordion-item\">\r\n                  <h2 class=\"accordion-header\" id=\"headingOne-1\">\r\n                    <button class=\"accordion-button ele-title collapsed\" type=\"button\" data-bs-toggle=\"collapse\" data-bs-target=\"#collapseOne-1\" aria-expanded=\"true\" aria-controls=\"collapseOne-1\">\r\n                      Quelle est la mission de la fondation ?                    <\/button>\r\n                  <\/h2>\r\n                  <div id=\"collapseOne-1\" class=\"accordion-collapse collapse \" aria-labelledby=\"headingOne-1\" data-bs-parent=\"#accordionExample-e4475d8\">\r\n                    <div class=\"accordion-body ele-des\">\r\n                      Sa mission est de contribuer au d\u00e9veloppement social en aidant les jeunes  \u00e0 s'ins\u00e9rer, en soutenant les ch\u00f4meur et en accompagnant les \u00e9tudiants dans leurs projets acad\u00e9miques.                    <\/div>\r\n                  <\/div>\r\n                <\/div>\r\n                                <div class=\"accordion-item\">\r\n                  <h2 class=\"accordion-header\" id=\"headingOne-2\">\r\n                    <button class=\"accordion-button ele-title collapsed\" type=\"button\" data-bs-toggle=\"collapse\" data-bs-target=\"#collapseOne-2\" aria-expanded=\"true\" aria-controls=\"collapseOne-2\">\r\n                      Qui peut b\u00e9n\u00e9ficier des services de la fondation ?                    <\/button>\r\n                  <\/h2>\r\n                  <div id=\"collapseOne-2\" class=\"accordion-collapse collapse \" aria-labelledby=\"headingOne-2\" data-bs-parent=\"#accordionExample-e4475d8\">\r\n                    <div class=\"accordion-body ele-des\">\r\n                      Les jeunes, les \u00e9tudiants, les personnes en difficult\u00e9s, notamment les ch\u00f4meurs ainsi que les jeunes couples.                     <\/div>\r\n                  <\/div>\r\n                <\/div>\r\n                                <div class=\"accordion-item\">\r\n                  <h2 class=\"accordion-header\" id=\"headingOne-3\">\r\n                    <button class=\"accordion-button ele-title collapsed\" type=\"button\" data-bs-toggle=\"collapse\" data-bs-target=\"#collapseOne-3\" aria-expanded=\"true\" aria-controls=\"collapseOne-3\">\r\n                      Quels services propose la fondation ?                    <\/button>\r\n                  <\/h2>\r\n                  <div id=\"collapseOne-3\" class=\"accordion-collapse collapse \" aria-labelledby=\"headingOne-3\" data-bs-parent=\"#accordionExample-e4475d8\">\r\n                    <div class=\"accordion-body ele-des\">\r\n                      - Orientation scolaire acad\u00e9mique. \n- Accompagnement \u00e0 l'insertion professionnelle. \n- Formation et d\u00e9veloppement personnel.\n- Aide \u00e0 la constitution du dossier pour \u00e9tude.\n- Coaching des jeunes couples.                    <\/div>\r\n                  <\/div>\r\n                <\/div>\r\n                                <div class=\"accordion-item\">\r\n                  <h2 class=\"accordion-header\" id=\"headingOne-4\">\r\n                    <button class=\"accordion-button ele-title collapsed\" type=\"button\" data-bs-toggle=\"collapse\" data-bs-target=\"#collapseOne-4\" aria-expanded=\"true\" aria-controls=\"collapseOne-4\">\r\n                      Comment soutenir la fondation ?                    <\/button>\r\n                  <\/h2>\r\n                  <div id=\"collapseOne-4\" class=\"accordion-collapse collapse \" aria-labelledby=\"headingOne-4\" data-bs-parent=\"#accordionExample-e4475d8\">\r\n                    <div class=\"accordion-body ele-des\">\r\n                      Vous pouvez soutenir la fondation par des dons financiers, du b\u00e9n\u00e9volat, des partenariats ou des contributions mat\u00e9rielles.                     <\/div>\r\n                  <\/div>\r\n                <\/div>\r\n                              <\/div>\r\n            <\/div>\r\n          <\/div>\r\n        <\/div>\r\n      <\/div>\r\n    <\/section>\r\n\r\n\r\n\t\t\t\t\t\t<\/div>\n\t\t\t\t<\/div>\n\t\t\t\t\t<\/div>\n\t\t<\/div>\n\t\t\t\t\t<\/div>\n\t\t<\/section>\n\t\t\t\t<\/div>\n\t\t","protected":false},"excerpt":{"rendered":"<p>Direct Contact us Erreur\u00a0: Formulaire de contact non trouv\u00e9\u00a0! Qu&#039;est ce que la fondation PYLVIA ? La fondation est une organisation engag\u00e9e dans l&rsquo;accompagnement des jeunes, l&rsquo;orientation scolaire et le [&hellip;]<\/p>\n","protected":false},"author":1,"featured_media":0,"parent":0,"menu_order":0,"comment_status":"closed","ping_status":"closed","template":"elementor_header_footer","meta":{"_price":"","_stock":"","_tribe_ticket_header":"","_tribe_default_ticket_provider":"","_tribe_ticket_capacity":"0","_ticket_start_date":"","_ticket_end_date":"","_tribe_ticket_show_description":"","_tribe_ticket_show_not_going":false,"_tribe_ticket_use_global_stock":"","_tribe_ticket_global_stock_level":"","_global_stock_mode":"","_global_stock_cap":"","_tribe_rsvp_for_event":"","_tribe_ticket_going_count":"","_tribe_ticket_not_going_count":"","_tribe_tickets_list":"[]","_tribe_ticket_has_attendee_info_fields":false,"footnotes":"","_tec_slr_enabled":"","_tec_slr_layout":""},"class_list":["post-60","page","type-page","status-publish","hentry"],"acf":[],"ticketed":false,"_links":{"self":[{"href":"https:\/\/pylvia-foundation.org\/fr\/wp-json\/wp\/v2\/pages\/60","targetHints":{"allow":["GET"]}}],"collection":[{"href":"https:\/\/pylvia-foundation.org\/fr\/wp-json\/wp\/v2\/pages"}],"about":[{"href":"https:\/\/pylvia-foundation.org\/fr\/wp-json\/wp\/v2\/types\/page"}],"author":[{"embeddable":true,"href":"https:\/\/pylvia-foundation.org\/fr\/wp-json\/wp\/v2\/users\/1"}],"replies":[{"embeddable":true,"href":"https:\/\/pylvia-foundation.org\/fr\/wp-json\/wp\/v2\/comments?post=60"}],"version-history":[{"count":3,"href":"https:\/\/pylvia-foundation.org\/fr\/wp-json\/wp\/v2\/pages\/60\/revisions"}],"predecessor-version":[{"id":1291,"href":"https:\/\/pylvia-foundation.org\/fr\/wp-json\/wp\/v2\/pages\/60\/revisions\/1291"}],"wp:attachment":[{"href":"https:\/\/pylvia-foundation.org\/fr\/wp-json\/wp\/v2\/media?parent=60"}],"curies":[{"name":"wp","href":"https:\/\/api.w.org\/{rel}","templated":true}]}}